{"id":401,"date":"2024-04-11T11:25:26","date_gmt":"2024-04-11T09:25:26","guid":{"rendered":"https:\/\/www.dasatelierdefrancais.de\/index.php\/possibilites-de-cours\/"},"modified":"2024-11-06T23:03:33","modified_gmt":"2024-11-06T22:03:33","slug":"possibilites-de-cours","status":"publish","type":"page","link":"https:\/\/www.dasatelierdefrancais.de\/fr\/possibilites-de-cours\/","title":{"rendered":"Cours"},"content":{"rendered":"\n<h2 class=\"wp-block-heading\"><strong>Cours de fran\u00e7ais pour tous les niveaux<\/strong><\/h2>\n\n\n\n<h5 class=\"wp-block-heading\"><strong>  &#8211; Des cours sur mesure pour les vacances, la vie quotidienne et plus encore<\/strong><\/h5>\n\n\n\n<p>Nos cours de fran\u00e7ais offrent une solution adapt\u00e9e \u00e0 chaque situation ! Que vous souhaitiez apprendre le fran\u00e7ais pour les vacances, afin de vous sentir en confiance \u00e0 l&rsquo;\u00e9tranger, ou le fran\u00e7ais de tous les jours, pour communiquer avec aisance, nous avons le cours qu&rsquo;il vous faut. Pour les \u00e9tudiants avanc\u00e9s, nous proposons un cours de conversation qui affinera vos comp\u00e9tences \u00e0 l&rsquo;oral. Pour un apprentissage intensif, nous vous recommandons notre programme de fran\u00e7ais intensif \u00e0 Maison Tranquil, o\u00f9 vous pourrez vous immerger dans la langue et la culture. Apprenez le fran\u00e7ais dans un petit groupe et d\u00e9couvrez le plaisir de parler !    <\/p>\n\n\n\n<p>Pour <strong>apprendre le fran\u00e7ais<\/strong>, l&rsquo;<strong>Atelier<\/strong> vous propose plusieurs possibilit\u00e9s de cours classiques :<\/p>\n\n\n\n<div class=\"wp-block-columns has-medium-font-size is-layout-flex wp-container-core-columns-is-layout-9d6595d7 wp-block-columns-is-layout-flex\">\n<div class=\"wp-block-column is-layout-flow wp-block-column-is-layout-flow\" style=\"flex-basis:37.5%\">\n<p class=\"has-text-align-left has-medium-font-size\"><a href=\"https:\/\/www.dasatelierdefrancais.de\/fr\/le-francais-pour-un-voyage\/\"><strong>Le fran\u00e7ais pour<\/strong><strong> les vacances<\/strong><\/a><\/p>\n\n\n\n<p><strong>Cours A<\/strong><\/p>\n\n\n\n<p>Le cours pour d\u00e9butants, court et efficace (Cours 1)<\/p>\n\n\n\n<p><a href=\"https:\/\/www.dasatelierdefrancais.de\/fr\/horaires-des-cours\/\">Horaires des cours<\/a><\/p>\n\n\n\n<figure data-wp-context=\"{&quot;imageId&quot;:&quot;69fc48bf137b2&quot;}\" data-wp-interactive=\"core\/image\" data-wp-key=\"69fc48bf137b2\" class=\"wp-block-image size-large wp-lightbox-container\"><img loading=\"lazy\" decoding=\"async\" width=\"1024\" height=\"648\" data-wp-class--hide=\"state.isContentHidden\" data-wp-class--show=\"state.isContentVisible\" data-wp-init=\"callbacks.setButtonStyles\" data-wp-on--click=\"actions.showLightbox\" data-wp-on--load=\"callbacks.setButtonStyles\" data-wp-on-window--resize=\"callbacks.setButtonStyles\" src=\"https:\/\/www.dasatelierdefrancais.de\/wp-content\/uploads\/2024\/03\/Lyon-als-Reiseziel-1024x648.jpg\" alt=\"Confluence \/ Lyon\" class=\"wp-image-39\" srcset=\"https:\/\/www.dasatelierdefrancais.de\/wp-content\/uploads\/2024\/03\/Lyon-als-Reiseziel-1024x648.jpg 1024w, https:\/\/www.dasatelierdefrancais.de\/wp-content\/uploads\/2024\/03\/Lyon-als-Reiseziel-300x190.jpg 300w, https:\/\/www.dasatelierdefrancais.de\/wp-content\/uploads\/2024\/03\/Lyon-als-Reiseziel-768x486.jpg 768w, https:\/\/www.dasatelierdefrancais.de\/wp-content\/uploads\/2024\/03\/Lyon-als-Reiseziel-1536x972.jpg 1536w, https:\/\/www.dasatelierdefrancais.de\/wp-content\/uploads\/2024\/03\/Lyon-als-Reiseziel-2048x1296.jpg 2048w, https:\/\/www.dasatelierdefrancais.de\/wp-content\/uploads\/2024\/03\/Lyon-als-Reiseziel-1200x759.jpg 1200w, https:\/\/www.dasatelierdefrancais.de\/wp-content\/uploads\/2024\/03\/Lyon-als-Reiseziel-1980x1253.jpg 1980w\" sizes=\"auto, (max-width: 1024px) 100vw, 1024px\" \/><button\n\t\t\tclass=\"lightbox-trigger\"\n\t\t\ttype=\"button\"\n\t\t\taria-haspopup=\"dialog\"\n\t\t\taria-label=\"Agrandir\"\n\t\t\tdata-wp-init=\"callbacks.initTriggerButton\"\n\t\t\tdata-wp-on--click=\"actions.showLightbox\"\n\t\t\tdata-wp-style--right=\"state.imageButtonRight\"\n\t\t\tdata-wp-style--top=\"state.imageButtonTop\"\n\t\t>\n\t\t\t<svg xmlns=\"http:\/\/www.w3.org\/2000\/svg\" width=\"12\" height=\"12\" fill=\"none\" viewBox=\"0 0 12 12\">\n\t\t\t\t<path fill=\"#fff\" d=\"M2 0a2 2 0 0 0-2 2v2h1.5V2a.5.5 0 0 1 .5-.5h2V0H2Zm2 10.5H2a.5.5 0 0 1-.5-.5V8H0v2a2 2 0 0 0 2 2h2v-1.5ZM8 12v-1.5h2a.5.5 0 0 0 .5-.5V8H12v2a2 2 0 0 1-2 2H8Zm2-12a2 2 0 0 1 2 2v2h-1.5V2a.5.5 0 0 0-.5-.5H8V0h2Z\" \/>\n\t\t\t<\/svg>\n\t\t<\/button><figcaption class=\"wp-element-caption\">Confluence\/Lyon <br>(\u00a9 Trans-Market)<\/figcaption><\/figure>\n\n\n\n<p>10 <a href=\"http:\/\/www.diplomatie.gouv.fr\/de\/gastland-frankreich\/studieren-in-frankreich\/article\/10-gute-grunde-franzosisch-zu-lernen\" target=\"_blank\" rel=\"noreferrer noopener\">raisons<\/a> d&rsquo;apprendre le fran\u00e7ais<\/p>\n<\/div>\n\n\n\n<div class=\"wp-block-column is-vertically-aligned-top is-layout-flow wp-block-column-is-layout-flow\" style=\"flex-basis:37.5%\">\n<p class=\"has-text-align-left has-medium-font-size\"><strong><a href=\"https:\/\/www.dasatelierdefrancais.de\/fr\/le-francais-de-tous-les-jours\/\">Le fran\u00e7ais de tous les jours (Cours 2)<\/a><\/strong><\/p>\n\n\n\n<p><strong>Cours 1 et 2<\/strong><\/p>\n\n\n\n<p>Vous parlez d\u00e9j\u00e0 \u00ab\u00a0un peu\u00a0\u00bb fran\u00e7ais, voici l&rsquo;occasion d&rsquo;am\u00e9liorer vos connaissances !<\/p>\n\n\n\n<figure data-wp-context=\"{&quot;imageId&quot;:&quot;69fc48bf166ed&quot;}\" data-wp-interactive=\"core\/image\" data-wp-key=\"69fc48bf166ed\" class=\"wp-block-image size-large is-resized wp-lightbox-container\"><img loading=\"lazy\" decoding=\"async\" width=\"576\" height=\"1024\" data-wp-class--hide=\"state.isContentHidden\" data-wp-class--show=\"state.isContentVisible\" data-wp-init=\"callbacks.setButtonStyles\" data-wp-on--click=\"actions.showLightbox\" data-wp-on--load=\"callbacks.setButtonStyles\" data-wp-on-window--resize=\"callbacks.setButtonStyles\" src=\"https:\/\/www.dasatelierdefrancais.de\/wp-content\/uploads\/2024\/11\/IHLT0474-1-576x1024.jpg\" alt=\"\" class=\"wp-image-1050\" style=\"width:164px;height:auto\" srcset=\"https:\/\/www.dasatelierdefrancais.de\/wp-content\/uploads\/2024\/11\/IHLT0474-1-576x1024.jpg 576w, https:\/\/www.dasatelierdefrancais.de\/wp-content\/uploads\/2024\/11\/IHLT0474-1-169x300.jpg 169w, https:\/\/www.dasatelierdefrancais.de\/wp-content\/uploads\/2024\/11\/IHLT0474-1.jpg 720w\" sizes=\"auto, (max-width: 576px) 100vw, 576px\" \/><button\n\t\t\tclass=\"lightbox-trigger\"\n\t\t\ttype=\"button\"\n\t\t\taria-haspopup=\"dialog\"\n\t\t\taria-label=\"Agrandir\"\n\t\t\tdata-wp-init=\"callbacks.initTriggerButton\"\n\t\t\tdata-wp-on--click=\"actions.showLightbox\"\n\t\t\tdata-wp-style--right=\"state.imageButtonRight\"\n\t\t\tdata-wp-style--top=\"state.imageButtonTop\"\n\t\t>\n\t\t\t<svg xmlns=\"http:\/\/www.w3.org\/2000\/svg\" width=\"12\" height=\"12\" fill=\"none\" viewBox=\"0 0 12 12\">\n\t\t\t\t<path fill=\"#fff\" d=\"M2 0a2 2 0 0 0-2 2v2h1.5V2a.5.5 0 0 1 .5-.5h2V0H2Zm2 10.5H2a.5.5 0 0 1-.5-.5V8H0v2a2 2 0 0 0 2 2h2v-1.5ZM8 12v-1.5h2a.5.5 0 0 0 .5-.5V8H12v2a2 2 0 0 1-2 2H8Zm2-12a2 2 0 0 1 2 2v2h-1.5V2a.5.5 0 0 0-.5-.5H8V0h2Z\" \/>\n\t\t\t<\/svg>\n\t\t<\/button><figcaption class=\"wp-element-caption\">Nantes 2024 <br>(\u00a9 Trans-Market)<\/figcaption><\/figure>\n\n\n\n<p><a href=\"https:\/\/www.dasatelierdefrancais.de\/fr\/voyage-linguistique-pour-les-etudiants\/\">Voyagez<\/a> avec moi en France !<\/p>\n<\/div>\n\n\n\n<div class=\"wp-block-column is-layout-flow wp-block-column-is-layout-flow\" style=\"flex-basis:25%\">\n<h5 class=\"wp-block-heading\"><strong><a href=\"https:\/\/www.dasatelierdefrancais.de\/fr\/cours-de-conversation\/\">Cours de conversation<\/a><\/strong><\/h5>\n\n\n\n<p><strong>Pour les utilisateurs avanc\u00e9s<\/strong><\/p>\n\n\n\n<p>Parler fran\u00e7ais et discuter de sujets d&rsquo;actualit\u00e9.<\/p>\n\n\n\n<p>Et plus tard, profiter de Porquerolles au bord de la M\u00e9diterran\u00e9e!!<\/p>\n\n\n\n<figure class=\"wp-block-image size-large\"><img loading=\"lazy\" decoding=\"async\" width=\"1024\" height=\"989\" src=\"https:\/\/www.dasatelierdefrancais.de\/wp-content\/uploads\/2024\/11\/Porquerolles-1024x989.jpg\" alt=\"\" class=\"wp-image-1055\" srcset=\"https:\/\/www.dasatelierdefrancais.de\/wp-content\/uploads\/2024\/11\/Porquerolles-1024x989.jpg 1024w, https:\/\/www.dasatelierdefrancais.de\/wp-content\/uploads\/2024\/11\/Porquerolles-300x290.jpg 300w, https:\/\/www.dasatelierdefrancais.de\/wp-content\/uploads\/2024\/11\/Porquerolles-768x742.jpg 768w, https:\/\/www.dasatelierdefrancais.de\/wp-content\/uploads\/2024\/11\/Porquerolles-1536x1484.jpg 1536w, https:\/\/www.dasatelierdefrancais.de\/wp-content\/uploads\/2024\/11\/Porquerolles-2048x1979.jpg 2048w\" sizes=\"auto, (max-width: 1024px) 100vw, 1024px\" \/><\/figure>\n\n\n\n<p>(\u00a9 Trans-Market)<\/p>\n<\/div>\n\n\n\n<div class=\"wp-block-column is-layout-flow wp-block-column-is-layout-flow\" style=\"flex-basis:25%\">\n<h5 class=\"wp-block-heading has-medium-font-size\"><strong><a href=\"https:\/\/www.dasatelierdefrancais.de\/fr\/francais-intensif-a-maison-tranquil\/\">Fran\u00e7ais intensif \u00e0 MAISON TRANQUIL<\/a><\/strong><\/h5>\n\n\n\n<p>Le cours acc\u00e9l\u00e9r\u00e9 dans un cadre magnifique<\/p>\n\n\n\n<figure class=\"wp-block-image size-large\"><img loading=\"lazy\" decoding=\"async\" width=\"1024\" height=\"907\" src=\"https:\/\/www.dasatelierdefrancais.de\/wp-content\/uploads\/2024\/11\/RemoteMediaFile_6554003_0_2022_07_04_10_18_52-scaled-e1730930028392-1024x907.jpg\" alt=\"\" class=\"wp-image-1073\" srcset=\"https:\/\/www.dasatelierdefrancais.de\/wp-content\/uploads\/2024\/11\/RemoteMediaFile_6554003_0_2022_07_04_10_18_52-scaled-e1730930028392-1024x907.jpg 1024w, https:\/\/www.dasatelierdefrancais.de\/wp-content\/uploads\/2024\/11\/RemoteMediaFile_6554003_0_2022_07_04_10_18_52-scaled-e1730930028392-300x266.jpg 300w, https:\/\/www.dasatelierdefrancais.de\/wp-content\/uploads\/2024\/11\/RemoteMediaFile_6554003_0_2022_07_04_10_18_52-scaled-e1730930028392-768x681.jpg 768w, https:\/\/www.dasatelierdefrancais.de\/wp-content\/uploads\/2024\/11\/RemoteMediaFile_6554003_0_2022_07_04_10_18_52-scaled-e1730930028392-1536x1361.jpg 1536w, https:\/\/www.dasatelierdefrancais.de\/wp-content\/uploads\/2024\/11\/RemoteMediaFile_6554003_0_2022_07_04_10_18_52-scaled-e1730930028392.jpg 1625w\" sizes=\"auto, (max-width: 1024px) 100vw, 1024px\" \/><figcaption class=\"wp-element-caption\">Maison Tranquil (\u00a9 Trans-Market)<\/figcaption><\/figure>\n\n\n\n<p>Visitez <a href=\"https:\/\/maisontranquil.com\" target=\"_blank\" rel=\"noreferrer noopener\">Maison Tranquil<\/a> maintenant !<\/p>\n<\/div>\n<\/div>\n\n\n\n<div class=\"wp-block-columns is-layout-flex wp-container-core-columns-is-layout-9d6595d7 wp-block-columns-is-layout-flex\">\n<div class=\"wp-block-column is-layout-flow wp-block-column-is-layout-flow\">\n<div class=\"wp-block-columns is-layout-flex wp-container-core-columns-is-layout-9d6595d7 wp-block-columns-is-layout-flex\">\n<div class=\"wp-block-column is-layout-flow wp-block-column-is-layout-flow\"><\/div>\n\n\n\n<div class=\"wp-block-column is-layout-flow wp-block-column-is-layout-flow\"><\/div>\n\n\n\n<div class=\"wp-block-column is-layout-flow wp-block-column-is-layout-flow\"><\/div>\n<\/div>\n<\/div>\n\n\n\n<div class=\"wp-block-column is-layout-flow wp-block-column-is-layout-flow\"><\/div>\n\n\n\n<div class=\"wp-block-column is-layout-flow wp-block-column-is-layout-flow\"><\/div>\n<\/div>\n","protected":false},"excerpt":{"rendered":"<p>Cours de fran\u00e7ais pour tous les niveaux &#8211; Des cours sur mesure pour les vacances, la vie quotidienne et plus encore Nos cours de fran\u00e7ais offrent une solution adapt\u00e9e \u00e0 chaque situation ! Que vous souhaitiez apprendre le fran\u00e7ais pour les vacances, afin de vous sentir en confiance \u00e0 l&rsquo;\u00e9tranger, ou le fran\u00e7ais de tous &#8230; <a title=\"Cours\" class=\"read-more\" href=\"https:\/\/www.dasatelierdefrancais.de\/fr\/possibilites-de-cours\/\" aria-label=\"En savoir plus sur Cours\">Lire la suite<\/a><\/p>\n","protected":false},"author":1,"featured_media":0,"parent":0,"menu_order":0,"comment_status":"closed","ping_status":"closed","template":"","meta":{"footnotes":""},"class_list":["post-401","page","type-page","status-publish"],"yoast_head":"<!-- This site is optimized with the Yoast SEO plugin v27.5 - https:\/\/yoast.com\/product\/yoast-seo-wordpress\/ -->\n<title>Cours - Das Atelier de fran\u00e7ais<\/title>\n<meta name=\"description\" content=\"Apprenez le fran\u00e7ais pour les vacances, la vie quotidienne ou dans nos cours de conversation. Immersion intensive \u00e0 Maison Tranquil et d\u00e9couverte du plaisir de parler en petits groupes !\" \/>\n<meta name=\"robots\" content=\"index, follow, max-snippet:-1, max-image-preview:large, max-video-preview:-1\" \/>\n<link rel=\"canonical\" href=\"https:\/\/www.dasatelierdefrancais.de\/fr\/possibilites-de-cours\/\" \/>\n<meta property=\"og:locale\" content=\"fr_FR\" \/>\n<meta property=\"og:type\" content=\"article\" \/>\n<meta property=\"og:title\" content=\"Cours - Das Atelier de fran\u00e7ais\" \/>\n<meta property=\"og:description\" content=\"Apprenez le fran\u00e7ais pour les vacances, la vie quotidienne ou dans nos cours de conversation. Immersion intensive \u00e0 Maison Tranquil et d\u00e9couverte du plaisir de parler en petits groupes !\" \/>\n<meta property=\"og:url\" content=\"https:\/\/www.dasatelierdefrancais.de\/fr\/possibilites-de-cours\/\" \/>\n<meta property=\"og:site_name\" content=\"Das Atelier de fran\u00e7ais\" \/>\n<meta property=\"article:publisher\" content=\"https:\/\/facebook\/yoast\" \/>\n<meta property=\"article:modified_time\" content=\"2024-11-06T22:03:33+00:00\" \/>\n<meta property=\"og:image\" content=\"https:\/\/www.dasatelierdefrancais.de\/wp-content\/uploads\/2024\/03\/Lyon-als-Reiseziel-scaled.jpg\" \/>\n\t<meta property=\"og:image:width\" content=\"2560\" \/>\n\t<meta property=\"og:image:height\" content=\"1620\" \/>\n\t<meta property=\"og:image:type\" content=\"image\/jpeg\" \/>\n<meta name=\"twitter:card\" content=\"summary_large_image\" \/>\n<meta name=\"twitter:label1\" content=\"Dur\u00e9e de lecture estim\u00e9e\" \/>\n\t<meta name=\"twitter:data1\" content=\"3 minutes\" \/>\n<script type=\"application\/ld+json\" class=\"yoast-schema-graph\">{\"@context\":\"https:\\\/\\\/schema.org\",\"@graph\":[{\"@type\":\"WebPage\",\"@id\":\"https:\\\/\\\/www.dasatelierdefrancais.de\\\/fr\\\/possibilites-de-cours\\\/\",\"url\":\"https:\\\/\\\/www.dasatelierdefrancais.de\\\/fr\\\/possibilites-de-cours\\\/\",\"name\":\"Cours - Das Atelier de fran\u00e7ais\",\"isPartOf\":{\"@id\":\"https:\\\/\\\/www.dasatelierdefrancais.de\\\/fr\\\/#website\"},\"primaryImageOfPage\":{\"@id\":\"https:\\\/\\\/www.dasatelierdefrancais.de\\\/fr\\\/possibilites-de-cours\\\/#primaryimage\"},\"image\":{\"@id\":\"https:\\\/\\\/www.dasatelierdefrancais.de\\\/fr\\\/possibilites-de-cours\\\/#primaryimage\"},\"thumbnailUrl\":\"https:\\\/\\\/www.dasatelierdefrancais.de\\\/wp-content\\\/uploads\\\/2024\\\/03\\\/Lyon-als-Reiseziel-1024x648.jpg\",\"datePublished\":\"2024-04-11T09:25:26+00:00\",\"dateModified\":\"2024-11-06T22:03:33+00:00\",\"description\":\"Apprenez le fran\u00e7ais pour les vacances, la vie quotidienne ou dans nos cours de conversation. Immersion intensive \u00e0 Maison Tranquil et d\u00e9couverte du plaisir de parler en petits groupes !\",\"breadcrumb\":{\"@id\":\"https:\\\/\\\/www.dasatelierdefrancais.de\\\/fr\\\/possibilites-de-cours\\\/#breadcrumb\"},\"inLanguage\":\"fr-FR\",\"potentialAction\":[{\"@type\":\"ReadAction\",\"target\":[\"https:\\\/\\\/www.dasatelierdefrancais.de\\\/fr\\\/possibilites-de-cours\\\/\"]}]},{\"@type\":\"ImageObject\",\"inLanguage\":\"fr-FR\",\"@id\":\"https:\\\/\\\/www.dasatelierdefrancais.de\\\/fr\\\/possibilites-de-cours\\\/#primaryimage\",\"url\":\"https:\\\/\\\/www.dasatelierdefrancais.de\\\/wp-content\\\/uploads\\\/2024\\\/03\\\/Lyon-als-Reiseziel-1024x648.jpg\",\"contentUrl\":\"https:\\\/\\\/www.dasatelierdefrancais.de\\\/wp-content\\\/uploads\\\/2024\\\/03\\\/Lyon-als-Reiseziel-1024x648.jpg\"},{\"@type\":\"BreadcrumbList\",\"@id\":\"https:\\\/\\\/www.dasatelierdefrancais.de\\\/fr\\\/possibilites-de-cours\\\/#breadcrumb\",\"itemListElement\":[{\"@type\":\"ListItem\",\"position\":1,\"name\":\"Startseite\",\"item\":\"https:\\\/\\\/www.dasatelierdefrancais.de\\\/fr\\\/\"},{\"@type\":\"ListItem\",\"position\":2,\"name\":\"Cours\"}]},{\"@type\":\"WebSite\",\"@id\":\"https:\\\/\\\/www.dasatelierdefrancais.de\\\/fr\\\/#website\",\"url\":\"https:\\\/\\\/www.dasatelierdefrancais.de\\\/fr\\\/\",\"name\":\"Das Atelier de fran\u00e7ais\",\"description\":\"Vous parlez fran\u00e7ais ?\",\"publisher\":{\"@id\":\"https:\\\/\\\/www.dasatelierdefrancais.de\\\/fr\\\/#organization\"},\"potentialAction\":[{\"@type\":\"SearchAction\",\"target\":{\"@type\":\"EntryPoint\",\"urlTemplate\":\"https:\\\/\\\/www.dasatelierdefrancais.de\\\/fr\\\/?s={search_term_string}\"},\"query-input\":{\"@type\":\"PropertyValueSpecification\",\"valueRequired\":true,\"valueName\":\"search_term_string\"}}],\"inLanguage\":\"fr-FR\"},{\"@type\":\"Organization\",\"@id\":\"https:\\\/\\\/www.dasatelierdefrancais.de\\\/fr\\\/#organization\",\"name\":\"Das Atelier de fran\u00e7ais\",\"url\":\"https:\\\/\\\/www.dasatelierdefrancais.de\\\/fr\\\/\",\"logo\":{\"@type\":\"ImageObject\",\"inLanguage\":\"fr-FR\",\"@id\":\"https:\\\/\\\/www.dasatelierdefrancais.de\\\/fr\\\/#\\\/schema\\\/logo\\\/image\\\/\",\"url\":\"https:\\\/\\\/www.dasatelierdefrancais.de\\\/wp-content\\\/uploads\\\/2024\\\/10\\\/Eiffelturm-xxs.jpg\",\"contentUrl\":\"https:\\\/\\\/www.dasatelierdefrancais.de\\\/wp-content\\\/uploads\\\/2024\\\/10\\\/Eiffelturm-xxs.jpg\",\"width\":34,\"height\":75,\"caption\":\"Das Atelier de fran\u00e7ais\"},\"image\":{\"@id\":\"https:\\\/\\\/www.dasatelierdefrancais.de\\\/fr\\\/#\\\/schema\\\/logo\\\/image\\\/\"},\"sameAs\":[\"https:\\\/\\\/facebook\\\/yoast\"]}]}<\/script>\n<!-- \/ Yoast SEO plugin. -->","yoast_head_json":{"title":"Cours - Das Atelier de fran\u00e7ais","description":"Apprenez le fran\u00e7ais pour les vacances, la vie quotidienne ou dans nos cours de conversation. Immersion intensive \u00e0 Maison Tranquil et d\u00e9couverte du plaisir de parler en petits groupes !","robots":{"index":"index","follow":"follow","max-snippet":"max-snippet:-1","max-image-preview":"max-image-preview:large","max-video-preview":"max-video-preview:-1"},"canonical":"https:\/\/www.dasatelierdefrancais.de\/fr\/possibilites-de-cours\/","og_locale":"fr_FR","og_type":"article","og_title":"Cours - Das Atelier de fran\u00e7ais","og_description":"Apprenez le fran\u00e7ais pour les vacances, la vie quotidienne ou dans nos cours de conversation. Immersion intensive \u00e0 Maison Tranquil et d\u00e9couverte du plaisir de parler en petits groupes !","og_url":"https:\/\/www.dasatelierdefrancais.de\/fr\/possibilites-de-cours\/","og_site_name":"Das Atelier de fran\u00e7ais","article_publisher":"https:\/\/facebook\/yoast","article_modified_time":"2024-11-06T22:03:33+00:00","og_image":[{"width":2560,"height":1620,"url":"https:\/\/www.dasatelierdefrancais.de\/wp-content\/uploads\/2024\/03\/Lyon-als-Reiseziel-scaled.jpg","type":"image\/jpeg"}],"twitter_card":"summary_large_image","twitter_misc":{"Dur\u00e9e de lecture estim\u00e9e":"3 minutes"},"schema":{"@context":"https:\/\/schema.org","@graph":[{"@type":"WebPage","@id":"https:\/\/www.dasatelierdefrancais.de\/fr\/possibilites-de-cours\/","url":"https:\/\/www.dasatelierdefrancais.de\/fr\/possibilites-de-cours\/","name":"Cours - Das Atelier de fran\u00e7ais","isPartOf":{"@id":"https:\/\/www.dasatelierdefrancais.de\/fr\/#website"},"primaryImageOfPage":{"@id":"https:\/\/www.dasatelierdefrancais.de\/fr\/possibilites-de-cours\/#primaryimage"},"image":{"@id":"https:\/\/www.dasatelierdefrancais.de\/fr\/possibilites-de-cours\/#primaryimage"},"thumbnailUrl":"https:\/\/www.dasatelierdefrancais.de\/wp-content\/uploads\/2024\/03\/Lyon-als-Reiseziel-1024x648.jpg","datePublished":"2024-04-11T09:25:26+00:00","dateModified":"2024-11-06T22:03:33+00:00","description":"Apprenez le fran\u00e7ais pour les vacances, la vie quotidienne ou dans nos cours de conversation. Immersion intensive \u00e0 Maison Tranquil et d\u00e9couverte du plaisir de parler en petits groupes !","breadcrumb":{"@id":"https:\/\/www.dasatelierdefrancais.de\/fr\/possibilites-de-cours\/#breadcrumb"},"inLanguage":"fr-FR","potentialAction":[{"@type":"ReadAction","target":["https:\/\/www.dasatelierdefrancais.de\/fr\/possibilites-de-cours\/"]}]},{"@type":"ImageObject","inLanguage":"fr-FR","@id":"https:\/\/www.dasatelierdefrancais.de\/fr\/possibilites-de-cours\/#primaryimage","url":"https:\/\/www.dasatelierdefrancais.de\/wp-content\/uploads\/2024\/03\/Lyon-als-Reiseziel-1024x648.jpg","contentUrl":"https:\/\/www.dasatelierdefrancais.de\/wp-content\/uploads\/2024\/03\/Lyon-als-Reiseziel-1024x648.jpg"},{"@type":"BreadcrumbList","@id":"https:\/\/www.dasatelierdefrancais.de\/fr\/possibilites-de-cours\/#breadcrumb","itemListElement":[{"@type":"ListItem","position":1,"name":"Startseite","item":"https:\/\/www.dasatelierdefrancais.de\/fr\/"},{"@type":"ListItem","position":2,"name":"Cours"}]},{"@type":"WebSite","@id":"https:\/\/www.dasatelierdefrancais.de\/fr\/#website","url":"https:\/\/www.dasatelierdefrancais.de\/fr\/","name":"Das Atelier de fran\u00e7ais","description":"Vous parlez fran\u00e7ais ?","publisher":{"@id":"https:\/\/www.dasatelierdefrancais.de\/fr\/#organization"},"potentialAction":[{"@type":"SearchAction","target":{"@type":"EntryPoint","urlTemplate":"https:\/\/www.dasatelierdefrancais.de\/fr\/?s={search_term_string}"},"query-input":{"@type":"PropertyValueSpecification","valueRequired":true,"valueName":"search_term_string"}}],"inLanguage":"fr-FR"},{"@type":"Organization","@id":"https:\/\/www.dasatelierdefrancais.de\/fr\/#organization","name":"Das Atelier de fran\u00e7ais","url":"https:\/\/www.dasatelierdefrancais.de\/fr\/","logo":{"@type":"ImageObject","inLanguage":"fr-FR","@id":"https:\/\/www.dasatelierdefrancais.de\/fr\/#\/schema\/logo\/image\/","url":"https:\/\/www.dasatelierdefrancais.de\/wp-content\/uploads\/2024\/10\/Eiffelturm-xxs.jpg","contentUrl":"https:\/\/www.dasatelierdefrancais.de\/wp-content\/uploads\/2024\/10\/Eiffelturm-xxs.jpg","width":34,"height":75,"caption":"Das Atelier de fran\u00e7ais"},"image":{"@id":"https:\/\/www.dasatelierdefrancais.de\/fr\/#\/schema\/logo\/image\/"},"sameAs":["https:\/\/facebook\/yoast"]}]}},"_links":{"self":[{"href":"https:\/\/www.dasatelierdefrancais.de\/fr\/wp-json\/wp\/v2\/pages\/401","targetHints":{"allow":["GET"]}}],"collection":[{"href":"https:\/\/www.dasatelierdefrancais.de\/fr\/wp-json\/wp\/v2\/pages"}],"about":[{"href":"https:\/\/www.dasatelierdefrancais.de\/fr\/wp-json\/wp\/v2\/types\/page"}],"author":[{"embeddable":true,"href":"https:\/\/www.dasatelierdefrancais.de\/fr\/wp-json\/wp\/v2\/users\/1"}],"replies":[{"embeddable":true,"href":"https:\/\/www.dasatelierdefrancais.de\/fr\/wp-json\/wp\/v2\/comments?post=401"}],"version-history":[{"count":45,"href":"https:\/\/www.dasatelierdefrancais.de\/fr\/wp-json\/wp\/v2\/pages\/401\/revisions"}],"predecessor-version":[{"id":1085,"href":"https:\/\/www.dasatelierdefrancais.de\/fr\/wp-json\/wp\/v2\/pages\/401\/revisions\/1085"}],"wp:attachment":[{"href":"https:\/\/www.dasatelierdefrancais.de\/fr\/wp-json\/wp\/v2\/media?parent=401"}],"curies":[{"name":"wp","href":"https:\/\/api.w.org\/{rel}","templated":true}]}}